{"id":5941,"date":"2025-06-20T19:14:41","date_gmt":"2025-06-20T19:14:41","guid":{"rendered":"https:\/\/mombasadev.wpenginepowered.com\/latest-news-and-reviews\/"},"modified":"2026-02-23T22:07:55","modified_gmt":"2026-02-23T22:07:55","slug":"latest-news-and-reviews","status":"publish","type":"page","link":"https:\/\/www.mombasa.co\/en\/latest-news-and-reviews\/","title":{"rendered":"Latest News And Reviews"},"content":{"rendered":"<div class=\"fusion-fullwidth fullwidth-box fusion-builder-row-1 fusion-flex-container has-pattern-background has-mask-background nonhundred-percent-fullwidth non-hundred-percent-height-scrolling\" style=\"--awb-border-radius-top-left:0px;--awb-border-radius-top-right:0px;--awb-border-radius-bottom-right:0px;--awb-border-radius-bottom-left:0px;--awb-flex-wrap:wrap;\" ><div class=\"fusion-builder-row fusion-row fusion-flex-align-items-flex-start fusion-flex-content-wrap\" style=\"max-width:1216.8px;margin-left: calc(-4% \/ 2 );margin-right: calc(-4% \/ 2 );\"><div class=\"fusion-layout-column fusion_builder_column fusion-builder-column-0 fusion_builder_column_1_1 1_1 fusion-flex-column\" style=\"--awb-bg-size:cover;--awb-width-large:100%;--awb-margin-top-large:0px;--awb-spacing-right-large:1.92%;--awb-margin-bottom-large:20px;--awb-spacing-left-large:1.92%;--awb-width-medium:100%;--awb-order-medium:0;--awb-spacing-right-medium:1.92%;--awb-spacing-left-medium:1.92%;--awb-width-small:100%;--awb-order-small:0;--awb-spacing-right-small:1.92%;--awb-spacing-left-small:1.92%;\"><div class=\"fusion-column-wrapper fusion-column-has-shadow fusion-flex-justify-content-flex-start fusion-content-layout-column\"><\/div><\/div><div class=\"fusion-layout-column fusion_builder_column fusion-builder-column-1 fusion_builder_column_1_1 1_1 fusion-flex-column\" style=\"--awb-bg-size:cover;--awb-width-large:100%;--awb-margin-top-large:0px;--awb-spacing-right-large:1.92%;--awb-margin-bottom-large:20px;--awb-spacing-left-large:1.92%;--awb-width-medium:100%;--awb-order-medium:0;--awb-spacing-right-medium:1.92%;--awb-spacing-left-medium:1.92%;--awb-width-small:100%;--awb-order-small:0;--awb-spacing-right-small:1.92%;--awb-spacing-left-small:1.92%;\"><div class=\"fusion-column-wrapper fusion-column-has-shadow fusion-flex-justify-content-flex-start fusion-content-layout-column\"><style>\n\/* --------- T\u00cdTULO AL INICIO --------- *\/\n.timeline-title {\n  color: #E8E1D2;\n  text-transform: uppercase;\n  text-align:left;\n  \/*  margin: 0 auto 40px;*\/\n  max-width: 1100px;\n \t \/*padding: 0 20px;*\/\n  margin-left: 70px !important;\n  line-height: 1.1;\n}\n\n\n.hentry .timeline-title span{\nfont-family: 'RoyaleCouture-Sans' !important;\ncolor:#ffffff !important;\n\t\n}\n\n\n.timeline-title .title-top span{\n\tmargin-left: 2px !important;\n}\n\n\n.post h2, .post-content h2, h2, h2.entry-title { \n  font-family: 'RoyaleCouture-Sans' !important;\n}\n\n.timeline-title .title-top {\n  display: block;\n  font-size: 30px;\n}\n\n.timeline-title .title-bottom {\n  display: block;\n  font-size: 40px;\n  margin-left: 10px;\n}\n\n\/* \u2705 NUEVO contenedor con scroll invisible *\/\n.timeline-scroll-wrapper {\n  max-height: 100vh;\n  overflow-y: scroll;\n  scrollbar-width: none; \/* Firefox *\/\n}\n.timeline-scroll-wrapper::-webkit-scrollbar {\n  display: none; \/* Chrome, Safari *\/\n}\n\n\/* Contenedor general de la l\u00ednea de tiempo *\/\n.timeline {\n  position: relative;\n  max-width: 1100px;\n  margin: auto;\n  padding: 60px 20px;\n  font-family: 'Karoll-BoldRound';\n  color: #E8E1D2;\n  font-size: 35px;\n}\n\n\/* L\u00ednea vertical punteada *\/\n.timeline::before {\n  content: '';\n  position: absolute;\n  top: 0;\n  bottom: 0;\n  left: 40px;\n  width: 2px;\n  border-left: 2px dashed #BDA87D;\n  z-index: 1;\n}\n\n\/* \u00cdtem individual *\/\n.timeline-item {\n  position: relative;\n  display: flex;\n  align-items: center;\n  margin-bottom: 80px;\n  padding-left: 80px;\n}\n\n\/* Punto en la l\u00ednea *\/\n.timeline-dot {\n  position: absolute;\n  left: 20px;\n  top: 50%;\n  transform: translate(-50%, -50%);\n  width: 14px;\n  height: 14px;\n  background-color: #BDA87D;\n  border-radius: 50%;\n  z-index: 2;\n}\n\n\/* Contenedor de tarjeta *\/\n.timeline-card {\n  position: relative;\n  width: 100%;\n  max-width: 900px;\n  overflow: hidden;\n}\n\n\/* Imagen de fondo *\/\n.timeline-card img.background-img {\n  width: 100%;\n  height: auto;\n  display: block;\n  position: relative;\n  z-index: 0;\n}\n\n\/* Overlay de contenido *\/\n.timeline-overlay {\n  position: absolute;\n  top: 0;\n  left: 0;\n  width: 65%;\n  height: 100%;\n  background: linear-gradient(to right, rgba(0, 0, 0, 0.20), transparent);\n  padding: 40px 30px;\n  display: flex;\n  flex-direction: column;\n  justify-content: center;\n  z-index: 3;\n  color: #E8E1D2;\n}\n\n\/* \u2705 CAMBIO: Logo adaptativo *\/\n.timeline-overlay img.logo {\n  width: 100%;\n  max-width: 130px;\n  height: auto;\n  margin-bottom: 20px;\n  display: block;\n}\n\n\/* Texto *\/\n.timeline-overlay p {\n  font-size: 25px;\n  margin: 10px 0;\n  font-family: 'Karoll-BoldRound';\n  color: #E8E1D2;\n}\n\n\/* Bot\u00f3n *\/\n.timeline-overlay a {\n  color: #C59F64;\n  text-decoration: underline;\n  font-size: 20px;\n  margin-top: 10px;\n  border: 1px solid #C59F64;\n  padding: 8px 16px;\n  display: inline-block;\n  width: fit-content;\n  transition: background-color 0.3s ease;\n  font-family: 'RoyaleCouture-Serif';\n}\n\n\/* RESPONSIVE MOVIL *\/\n@media screen and (max-width: 768px) {\n  \n   \/* Ajustar logo de revistas en movil *\/\n    .timeline-overlay img.logo {\n     max-width: 150px;\n     margin: 0 auto 20px;\n     margin-top: 70px !important;\n    }\n  \n  .timeline-overlay img.logo {\n    max-width: 150px;\n    margin: 0 auto 20px;\n    margin-top: 70px !important;\n  }\n\n  .timeline {\n    padding: 40px 10px;\n  }\n\n  .timeline-item {\n    flex-direction: column;\n    align-items: flex-start;\n    padding-left: 50px;\n  }\n\n  .timeline::before {\n    left: 30px;\n  }\n\n  .timeline-dot {\n    left: 15px;\n    top: 20px;\n    transform: translate(-50%, 0);\n  }\n\n  .timeline-card {\n    max-width: 100%;\n  }\n\n  .timeline-card .image-wrapper {\n    position: relative;\n    width: 100%;\n  }\n\n  .timeline-card img.background-img {\n    object-fit: contain;\n    width: 100%;\n    height: auto;\n  }\n\n  .timeline-overlay {\n    position: static;\n    width: 100%;\n    height: auto;\n    padding: 25px 20px;\n    background: linear-gradient(to right, rgba(0, 0, 0, 0.88), transparent);\n    margin-top: -80px;\n  }\n\n  .timeline-dot {\n    left: 20px !important;\n  }\n\n  .timeline-overlay img.logo {\n    max-width: 200px;\n    margin: 0 auto 20px;\n  }\n}\n<\/style>\n\n<!-- T\u00edtulo principal -->\n<h1 class=\"timeline-title\">\n <!--  <span class=\"title-top\">Latest News\n<br>-->\n <span class=\"title-bottom\">Latest News<\/span>\n<\/h1>\n\n<!-- \u2705 Contenedor con scroll -->\n<div class=\"timeline-scroll-wrapper\">\n  <div class=\"timeline\">\n\n    <!-- \u00cdtem 1 -->\n    <div class=\"timeline-item\">\n      <div class=\"timeline-dot\"><\/div>\n      <div class=\"timeline-card\">\n        <div class=\"image-wrapper\">\n          <img decoding=\"async\" src=\"data:image\/gif;base64,R0lGODlhAQABAAAAACH5BAEKAAEALAAAAAABAAEAAAICTAEAOw==\" data-orig-src=\"https:\/\/mombasadev.wpenginepowered.com\/wp-content\/uploads\/2025\/07\/NOTICIA-1-INSTINTO.png\" alt=\"Noticia 1\" class=\"lazyload background-img\">\n        <\/div>\n        <div class=\"timeline-overlay\">\n          <img decoding=\"async\" src=\"data:image\/gif;base64,R0lGODlhAQABAAAAACH5BAEKAAEALAAAAAABAAEAAAICTAEAOw==\" data-orig-src=\"https:\/\/mombasadev.wpenginepowered.com\/wp-content\/uploads\/2025\/07\/instintoplay.jpg\" class=\"lazyload logo\" alt=\"Logo 1\">\n          <p>Conoce el Restaurante Mombasa<\/p>\n          <a href=\"https:\/\/www.youtube.com\/watch?v=4Cbyv5PaQGE&ab_channel=INSTINTO\">READ NOW<\/a>\n        <\/div>\n      <\/div>\n    <\/div>\n\n    <!-- \u00cdtem 2 -->\n    <div class=\"timeline-item\">\n      <div class=\"timeline-dot\"><\/div>\n      <div class=\"timeline-card\">\n        <div class=\"image-wrapper\">\n          <img decoding=\"async\" src=\"data:image\/gif;base64,R0lGODlhAQABAAAAACH5BAEKAAEALAAAAAABAAEAAAICTAEAOw==\" data-orig-src=\"https:\/\/mombasadev.wpenginepowered.com\/wp-content\/uploads\/2025\/07\/NOTICIA-2-LA-REPUBLICA.png\" alt=\"Noticia 2\" class=\"lazyload background-img\">\n        <\/div>\n        <div class=\"timeline-overlay\">\n          <img decoding=\"async\" src=\"data:image\/gif;base64,R0lGODlhAQABAAAAACH5BAEKAAEALAAAAAABAAEAAAICTAEAOw==\" data-orig-src=\"https:\/\/mombasadev.wpenginepowered.com\/wp-content\/uploads\/2025\/07\/Logo_la_republica-removebg-preview.png\" class=\"lazyload logo\" alt=\"Logo 2\">\n          <p>Abri\u00f3 sus puertas Mombasa, el primer supper club instalado en la capital antioque\u00f1a<\/p>\n          <a href=\"https:\/\/www.larepublica.co\/ocio\/abrio-sus-puertas-mombasa-el-primer-supper-club-de-medellin-3802050\">READ NOW<\/a>\n        <\/div>\n      <\/div>\n    <\/div>\n\n    <!-- \u00cdtem 3 -->\n    <div class=\"timeline-item\">\n      <div class=\"timeline-dot\"><\/div>\n      <div class=\"timeline-card\">\n        <div class=\"image-wrapper\">\n          <img decoding=\"async\" src=\"data:image\/gif;base64,R0lGODlhAQABAAAAACH5BAEKAAEALAAAAAABAAEAAAICTAEAOw==\" data-orig-src=\"https:\/\/mombasadev.wpenginepowered.com\/wp-content\/uploads\/2025\/07\/NOTICIA-3-VIVIR-EN-EL-POBLADO.png\" alt=\"Noticia 3\" class=\"lazyload background-img\">\n        <\/div>\n        <div class=\"timeline-overlay\">\n          <img decoding=\"async\" src=\"data:image\/gif;base64,R0lGODlhAQABAAAAACH5BAEKAAEALAAAAAABAAEAAAICTAEAOw==\" data-orig-src=\"https:\/\/mombasadev.wpenginepowered.com\/wp-content\/uploads\/2025\/07\/logo-veep-2023-blanco-02.png\" class=\"lazyload logo\" alt=\"Logo 3\">\n          <p>Una noche de copas<\/p>\n          <a href=\"https:\/\/vivirenelpoblado.com\/una-noche-de-copas\/\">READ NOW<\/a>\n        <\/div>\n      <\/div>\n    <\/div>\n\n    <!-- \u00cdtem 4 -->\n    <div class=\"timeline-item\">\n      <div class=\"timeline-dot\"><\/div>\n      <div class=\"timeline-card\">\n        <div class=\"image-wrapper\">\n          <img decoding=\"async\" src=\"data:image\/gif;base64,R0lGODlhAQABAAAAACH5BAEKAAEALAAAAAABAAEAAAICTAEAOw==\" data-orig-src=\"https:\/\/mombasadev.wpenginepowered.com\/wp-content\/uploads\/2025\/07\/NOTICIA-4-REVISTA-BUEN-GUSTO.png\" alt=\"Noticia 4\" class=\"lazyload background-img\">\n        <\/div>\n        <div class=\"timeline-overlay\">\n          <img decoding=\"async\" src=\"data:image\/gif;base64,R0lGODlhAQABAAAAACH5BAEKAAEALAAAAAABAAEAAAICTAEAOw==\" data-orig-src=\"https:\/\/mombasadev.wpenginepowered.com\/wp-content\/uploads\/2025\/07\/cropped-REVISTA-BUEN-GUSTO_TRANSPARENTE_NEGRO.png\" class=\"lazyload logo\" alt=\"Logo 4\">\n          <p>Mombasa abre sus puertas en Medell\u00edn como el primer Supper Club de la ciudad<\/p>\n          <a href=\"https:\/\/buengusto.co\/mombasa-abre-sus-puertas-en-medellin-como-el-primer-supper-club-de-la-ciudad\/\">READ NOW<\/a>\n        <\/div>\n      <\/div>\n    <\/div>\n\n    <!-- \u00cdtem 5 -->\n    <div class=\"timeline-item\">\n      <div class=\"timeline-dot\"><\/div>\n      <div class=\"timeline-card\">\n        <div class=\"image-wrapper\">\n          <img decoding=\"async\" src=\"data:image\/gif;base64,R0lGODlhAQABAAAAACH5BAEKAAEALAAAAAABAAEAAAICTAEAOw==\" data-orig-src=\"https:\/\/mombasadev.wpenginepowered.com\/wp-content\/uploads\/2025\/07\/NOTICIA-5-PORTAFOLIO.png\" alt=\"Noticia 5\" class=\"lazyload background-img\">\n        <\/div>\n        <div class=\"timeline-overlay\">\n          <img decoding=\"async\" src=\"data:image\/gif;base64,R0lGODlhAQABAAAAACH5BAEKAAEALAAAAAABAAEAAAICTAEAOw==\" data-orig-src=\"https:\/\/mombasadev.wpenginepowered.com\/wp-content\/uploads\/2025\/07\/Portafolio_Colombia-2.png\" class=\"lazyload logo\" alt=\"Logo 5\">\n          <p>Mombasa en Medell\u00edn fusiona gastronom\u00eda de autor y entretenimiento<\/p>\n          <a href=\"https:\/\/blogs.portafolio.co\/negocios-e-inspiracion\/mombasa-en-medellin-fusiona-gastronomia-de-autor-y-entretenimiento\/\">READ NOW<\/a>\n        <\/div>\n      <\/div>\n    <\/div>\n\n    <!-- \u00cdtem 6 -->\n    <div class=\"timeline-item\">\n      <div class=\"timeline-dot\"><\/div>\n      <div class=\"timeline-card\">\n        <div class=\"image-wrapper\">\n          <img decoding=\"async\" src=\"data:image\/gif;base64,R0lGODlhAQABAAAAACH5BAEKAAEALAAAAAABAAEAAAICTAEAOw==\" data-orig-src=\"https:\/\/mombasadev.wpenginepowered.com\/wp-content\/uploads\/2025\/07\/NOTICIA-6-CROMOS.png\" alt=\"Noticia 6\" class=\"lazyload background-img\">\n        <\/div>\n        <div class=\"timeline-overlay\">\n          <img decoding=\"async\" src=\"data:image\/gif;base64,R0lGODlhAQABAAAAACH5BAEKAAEALAAAAAABAAEAAAICTAEAOw==\" data-orig-src=\"https:\/\/mombasadev.wpenginepowered.com\/wp-content\/uploads\/2025\/07\/Cromos.png\" class=\"lazyload logo\" alt=\"Logo 6\">\n          <p>\u00bfC\u00f3mo preparar un pescado encocado para una ocasi\u00f3n especial?<\/p>\n          <a href=\"https:\/\/www.elespectador.com\/gastronomia-y-recetas\/como-preparar-un-pescado-encocado-para-una-ocasion-especial\/\">READ NOW<\/a>\n        <\/div>\n      <\/div>\n    <\/div>\n\n    <!-- \u00cdtem 7 -->\n    <div class=\"timeline-item\">\n      <div class=\"timeline-dot\"><\/div>\n      <div class=\"timeline-card\">\n        <div class=\"image-wrapper\">\n          <img decoding=\"async\" src=\"data:image\/gif;base64,R0lGODlhAQABAAAAACH5BAEKAAEALAAAAAABAAEAAAICTAEAOw==\" data-orig-src=\"https:\/\/mombasadev.wpenginepowered.com\/wp-content\/uploads\/2025\/07\/NOTICIA-7-EL-TIEMPO.png\" alt=\"Noticia 7\" class=\"lazyload background-img\">\n        <\/div>\n        <div class=\"timeline-overlay\">\n          <img decoding=\"async\" src=\"data:image\/gif;base64,R0lGODlhAQABAAAAACH5BAEKAAEALAAAAAABAAEAAAICTAEAOw==\" data-orig-src=\"https:\/\/mombasadev.wpenginepowered.com\/wp-content\/uploads\/2025\/07\/El-Tiempo.png\" class=\"lazyload logo\" alt=\"Logo 7\">\n          <p>El rinc\u00f3n gastron\u00f3mico de \u00c1frica e Inglaterra que lleg\u00f3 a Medell\u00edn<\/p>\n          <a href=\"https:\/\/www.eltiempo.com\/colombia\/medellin\/el-rincon-gastronomico-de-africa-que-llego-a-medellin-3322105\">READ NOW<\/a>\n        <\/div>\n      <\/div>\n    <\/div>\n\n    <!-- \u00cdtem 8 -->\n    <div class=\"timeline-item\">\n      <div class=\"timeline-dot\"><\/div>\n      <div class=\"timeline-card\">\n        <div class=\"image-wrapper\">\n          <img decoding=\"async\" src=\"data:image\/gif;base64,R0lGODlhAQABAAAAACH5BAEKAAEALAAAAAABAAEAAAICTAEAOw==\" data-orig-src=\"https:\/\/mombasadev.wpenginepowered.com\/wp-content\/uploads\/2025\/07\/NOTICIA-8-COLOMBIA.COM_.png\" alt=\"Noticia 8\" class=\"lazyload background-img\">\n        <\/div>\n        <div class=\"timeline-overlay\">\n          <img decoding=\"async\" src=\"data:image\/svg+xml,%3Csvg%20xmlns%3D%27http%3A%2F%2Fwww.w3.org%2F2000%2Fsvg%27%20width%3D%27250%27%20height%3D%27135%27%20viewBox%3D%270%200%20250%20135%27%3E%3Crect%20width%3D%27250%27%20height%3D%27135%27%20fill-opacity%3D%220%22%2F%3E%3C%2Fsvg%3E\" data-orig-src=\"https:\/\/www.mombasa.co\/wp-content\/uploads\/2025\/07\/colombiacom-1.png\" class=\"lazyload logo\" alt=\"Logo 8\">\n          <p>El Supper Club que transformar\u00e1 las noches en un fest\u00edn gastron\u00f3mico de autor en Medell\u00edn<\/p>\n          <a href=\"https:\/\/www.colombia.com\/gastronomia\/noticias\/llega-a-medellin-el-primer-supper-club-y-restaurante-que-promete-toda-una-experiencia-451576#google_vignette\">READ NOW<\/a>\n        <\/div>\n      <\/div>\n    <\/div>\n\n  <\/div>\n<\/div>\n\n<\/div><\/div><\/div><\/div>\n","protected":false},"excerpt":{"rendered":"","protected":false},"author":2,"featured_media":0,"parent":0,"menu_order":0,"comment_status":"closed","ping_status":"closed","template":"","meta":{"footnotes":""},"class_list":["post-5941","page","type-page","status-publish","hentry"],"aioseo_notices":[],"featured_image_src":null,"featured_image_src_square":null,"_links":{"self":[{"href":"https:\/\/www.mombasa.co\/en\/wp-json\/wp\/v2\/pages\/5941","targetHints":{"allow":["GET"]}}],"collection":[{"href":"https:\/\/www.mombasa.co\/en\/wp-json\/wp\/v2\/pages"}],"about":[{"href":"https:\/\/www.mombasa.co\/en\/wp-json\/wp\/v2\/types\/page"}],"author":[{"embeddable":true,"href":"https:\/\/www.mombasa.co\/en\/wp-json\/wp\/v2\/users\/2"}],"replies":[{"embeddable":true,"href":"https:\/\/www.mombasa.co\/en\/wp-json\/wp\/v2\/comments?post=5941"}],"version-history":[{"count":0,"href":"https:\/\/www.mombasa.co\/en\/wp-json\/wp\/v2\/pages\/5941\/revisions"}],"wp:attachment":[{"href":"https:\/\/www.mombasa.co\/en\/wp-json\/wp\/v2\/media?parent=5941"}],"curies":[{"name":"wp","href":"https:\/\/api.w.org\/{rel}","templated":true}]}}