{"id":5929,"date":"2025-06-25T17:12:10","date_gmt":"2025-06-25T17:12:10","guid":{"rendered":"https:\/\/mombasadev.wpenginepowered.com\/home\/"},"modified":"2026-05-13T17:57:56","modified_gmt":"2026-05-13T17:57:56","slug":"home","status":"publish","type":"page","link":"https:\/\/www.mombasa.co\/en\/","title":{"rendered":"Home"},"content":{"rendered":"<p><div class=\"fusion-fullwidth fullwidth-box fusion-builder-row-1 fusion-flex-container has-pattern-background has-mask-background nonhundred-percent-fullwidth non-hundred-percent-height-scrolling\" style=\"--awb-border-radius-top-left:0px;--awb-border-radius-top-right:0px;--awb-border-radius-bottom-right:0px;--awb-border-radius-bottom-left:0px;--awb-flex-wrap:wrap;\" ><div class=\"fusion-builder-row fusion-row fusion-flex-align-items-center fusion-flex-content-wrap\" style=\"max-width:1216.8px;margin-left: calc(-4% \/ 2 );margin-right: calc(-4% \/ 2 );\"><div class=\"fusion-layout-column fusion_builder_column fusion-builder-column-0 fusion_builder_column_1_1 1_1 fusion-flex-column fusion-flex-align-self-center\" style=\"--awb-bg-size:cover;--awb-width-large:100%;--awb-margin-top-large:20px;--awb-spacing-right-large:1.92%;--awb-margin-bottom-large:20px;--awb-spacing-left-large:1.92%;--awb-width-medium:100%;--awb-order-medium:0;--awb-spacing-right-medium:1.92%;--awb-spacing-left-medium:1.92%;--awb-width-small:100%;--awb-order-small:0;--awb-spacing-right-small:1.92%;--awb-spacing-left-small:1.92%;\"><div class=\"fusion-column-wrapper fusion-column-has-shadow fusion-flex-justify-content-center fusion-content-layout-column\"><div class=\"fusion-title title fusion-title-1 fusion-title-center fusion-title-text fusion-title-size-one\" style=\"--awb-text-color:#e8e1d2;--awb-margin-bottom:0px;--awb-font-size:40px;\"><div class=\"title-sep-container title-sep-container-left\"><div class=\"title-sep sep- sep-solid\" style=\"border-color:var(--awb-color3);\"><\/div><\/div><span class=\"awb-title-spacer\"><\/span><h1 class=\"fusion-title-heading title-heading-center fusion-responsive-typography-calculated\" style=\"font-family:&quot;Karoll-BoldRound&quot;;font-style:normal;font-weight:400;margin:0;font-size:1em;text-transform:none;--fontSize:40;line-height:var(--awb-typography1-line-height);\">Welcome to Mombasa restaurant<\/h1><span class=\"awb-title-spacer\"><\/span><div class=\"title-sep-container title-sep-container-right\"><div class=\"title-sep sep- sep-solid\" style=\"border-color:var(--awb-color3);\"><\/div><\/div><\/div><\/div><\/div><\/div><\/div><div class=\"fusion-fullwidth fullwidth-box fusion-builder-row-2 fusion-flex-container has-pattern-background has-mask-background hundred-percent-fullwidth non-hundred-percent-height-scrolling\" style=\"--awb-border-radius-top-left:0px;--awb-border-radius-top-right:0px;--awb-border-radius-bottom-right:0px;--awb-border-radius-bottom-left:0px;--awb-padding-right:0px;--awb-padding-left:0px;--awb-flex-wrap:wrap;\" ><div class=\"fusion-builder-row fusion-row fusion-flex-align-items-center fusion-flex-content-wrap\" style=\"width:104% !important;max-width:104% !important;margin-left: calc(-4% \/ 2 );margin-right: calc(-4% \/ 2 );\"><div class=\"fusion-layout-column fusion_builder_column fusion-builder-column-1 fusion_builder_column_1_1 1_1 fusion-flex-column fusion-flex-align-self-center\" style=\"--awb-bg-size:cover;--awb-width-large:100%;--awb-margin-top-large:20px;--awb-spacing-right-large:0%;--awb-margin-bottom-large:20px;--awb-spacing-left-large:0%;--awb-width-medium:100%;--awb-order-medium:0;--awb-spacing-right-medium:1.92%;--awb-spacing-left-medium:1.92%;--awb-width-small:100%;--awb-order-small:0;--awb-spacing-right-small:1.92%;--awb-spacing-left-small:1.92%;\"><div class=\"fusion-column-wrapper fusion-column-has-shadow fusion-flex-justify-content-center fusion-content-layout-column\"><!DOCTYPE html>\n<html lang=\"es\">\n<head>\n  <meta charset=\"UTF-8\">\n  <meta name=\"viewport\" content=\"width=device-width, initial-scale=1.0\">\n  <title>Slider sin parpadeo<\/title>\n  <style>\n    \/* Contenedor de las im\u00e1genes *\/\n    .slider-container {\n      display: flex;\n      overflow: hidden;\n      width: 100%;\n      height: 100vh;\n      transition: all 0.5s ease;\n      position: relative;\n      flex-direction: row;\n    }\n\n    \/* Texto con sombra y estilo *\/\n    .slide-text {\n      position: absolute;\n      bottom: 100px;\n      width: 100%;\n      text-align: center;\n      color: #E8E1D2;\n      padding: 0 20px;\n      margin: 0;\n      overflow: hidden;\n      white-space: nowrap;\n      text-overflow: ellipsis;\n      z-index: 3;\n      text-shadow: 1px 2px 3px rgba(0, 0, 0, 0.5),\n                   -1px -1px 2px rgba(0, 0, 0, 0.1),\n                   0px -0px 0px rgba(0, 0, 0, 0.1);\n    }\n\n    \/* T\u00edtulo activo *\/\n    #slider .active h2,\n    #slider .slide .fusion-responsive-typography-calculated {\n      font-family: 'RoyaleCouture-Sans' !important;\n      color: #e8e1d2 !important;\n      font-size: 30px !important;\n    }\n\n    \/* P\u00e1rrafo activo *\/\n    #slider .active p {\n      font-family: 'RoyaleCouture-Serif' !important;\n      font-size: 25px !important;\n      line-height: 1.3em;\n      text-shadow: 1px 2px 3px rgba(0, 0, 0, 0.5),\n                   -1px -1px 2px rgba(0, 0, 0, 0.1),\n                   0px -0px 0px rgba(0, 0, 0, 0.1);\n    }\n\n    .slide {\n      flex: 1;\n      min-width: 0;\n      transition: flex 0.5s ease, height 0.5s ease;\n      cursor: pointer;\n      position: relative;\n      display: flex;\n      align-items: stretch;\n      overflow: hidden;\n    }\n\n    .slide img {\n      width: 100%;\n      height: 100%;\n      object-fit: cover;\n      display: block;\n    }\n\n    .slide .fade-img {\n      position: absolute;\n      top: 0; left: 0;\n      width: 100%; height: 100%;\n      object-fit: cover;\n      opacity: 0;\n      transition: opacity 0.5s ease;\n      z-index: 2;\n      pointer-events: none;\n    }\n\n    .active {\n      flex: 4;\n    }\n\n    \/* Responsive *\/\n    @media(max-width: 768px) {\n      .slider-container {\n        flex-direction: column;\n      }\n      .slide {\n        flex: none;\n        width: 100%;\n        height: 150px;\n      }\n      .slide.active {\n        height: 300px;\n      }\n      .slide-text {\n        height: 40px;\n        overflow: hidden;\n        white-space: nowrap;\n        text-overflow: ellipsis;\n        transition: height 0.3s ease;\n      }\n      .slide-text p {\n        display: none;\n      }\n      .slide.expanded .slide-text {\n        height: auto;\n        white-space: normal;\n      }\n      .slide.expanded .slide-text p {\n        display: block;\n      }\n\n      \/* Ajuste tama\u00f1o texto m\u00f3vil *\/\n      #slider .active h2,\n      #slider .slide .fusion-responsive-typography-calculated {\n        font-size: 25px !important;\n      }\n      #slider .active p {\n        font-size: 20px !important;\n      }\n    }\n\n    @media(min-width: 769px) {\n      .slide-text p {\n        display: none;\n        transition: opacity 0.3s ease;\n      }\n      .slide.active .slide-text p {\n        display: block;\n      }\n    }\n  <\/style>\n<\/head>\n<body>\n\n  <div class=\"slider-container\" id=\"slider\">\n    <div class=\"slide\" onclick=\"activateSlide(0)\">\n      <img class=\"lazyload\" decoding=\"async\" src=\"data:image\/svg+xml,%3Csvg%20xmlns%3D%27http%3A%2F%2Fwww.w3.org%2F2000%2Fsvg%27%20width%3D%271000%27%20height%3D%271000%27%20viewBox%3D%270%200%201000%201000%27%3E%3Crect%20width%3D%271000%27%20height%3D%271000%27%20fill-opacity%3D%220%22%2F%3E%3C%2Fsvg%3E\" data-orig-src=\"https:\/\/www.mombasa.co\/wp-content\/uploads\/2026\/04\/FOTO-ESPACIO-RESTAURANTE-1.webp\" alt=\"Restaurante\" \/>\n      <div class=\"slide-text\">\n        <h2>Restaurante<\/h2>\n        <p>Vive una experiencia gastron\u00f3mica<br>en Medell\u00edn con platos de autor 1<\/p>\n      <\/div>\n    <\/div>\n    <div class=\"slide\" onclick=\"activateSlide(1)\">\n      <img class=\"lazyload\" decoding=\"async\" src=\"data:image\/svg+xml,%3Csvg%20xmlns%3D%27http%3A%2F%2Fwww.w3.org%2F2000%2Fsvg%27%20width%3D%271000%27%20height%3D%271000%27%20viewBox%3D%270%200%201000%201000%27%3E%3Crect%20width%3D%271000%27%20height%3D%271000%27%20fill-opacity%3D%220%22%2F%3E%3C%2Fsvg%3E\" data-orig-src=\"https:\/\/www.mombasa.co\/wp-content\/uploads\/2026\/04\/FOTO-ESPACIOS-BAR.webp\" alt=\"BAR VIP\" \/>\n      <div class=\"slide-text\">\n        <h2>BAR VIP<\/h2>\n        <p>Un espacio \u00edntimo para disfrutar de cocteler\u00eda<br>de autor, habanos, puros y hookahs<\/p>\n      <\/div>\n    <\/div>\n    <div class=\"slide\" onclick=\"activateSlide(2)\">\n      <img class=\"lazyload\" decoding=\"async\" src=\"data:image\/svg+xml,%3Csvg%20xmlns%3D%27http%3A%2F%2Fwww.w3.org%2F2000%2Fsvg%27%20width%3D%271000%27%20height%3D%271000%27%20viewBox%3D%270%200%201000%201000%27%3E%3Crect%20width%3D%271000%27%20height%3D%271000%27%20fill-opacity%3D%220%22%2F%3E%3C%2Fsvg%3E\" data-orig-src=\"https:\/\/www.mombasa.co\/wp-content\/uploads\/2026\/04\/FOTO-ESPACIO-ROOFTOP.webp\" alt=\"ROOFTOP\" \/>\n      <div class=\"slide-text\">\n        <h2>ROOFTOP<\/h2>\n        <p>M\u00fasica, comida, c\u00f3cteles y un buen ambiente<br>para disfrutar en compa\u00f1\u00eda.<\/p>\n      <\/div>\n    <\/div>\n  <\/div>\n\n  <script>\n    const defaultImages = [\n      \"https:\/\/www.mombasa.co\/wp-content\/uploads\/2026\/04\/FOTO-ESPACIO-RESTAURANTE-1.webp\",\n      \"https:\/\/www.mombasa.co\/wp-content\/uploads\/2026\/04\/FOTO-ESPACIOS-BAR.webp\",\n      \"https:\/\/www.mombasa.co\/wp-content\/uploads\/2026\/04\/FOTO-ESPACIO-ROOFTOP.webp\"\n    ];\n\n    const effectImages = [\n      \"https:\/\/www.mombasa.co\/wp-content\/uploads\/2026\/04\/FOTO-ESPACIO-RESTAURANTE-CON-EFECTO.webp\",\n      \"https:\/\/www.mombasa.co\/wp-content\/uploads\/2026\/04\/FOTO-ESPACIO-BAR-CON-EFECTO.webp\",\n      \"https:\/\/www.mombasa.co\/wp-content\/uploads\/2026\/04\/FOTO-ESPACIO-ROOFTOP-CON-EFECTO-1.webp\"\n    ];\n\n    function preloadImages(urls) {\n      urls.forEach((url) => {\n        const img = new Image();\n        img.src = url;\n      });\n    }\n    preloadImages(effectImages);\n\n    function changeImageSmooth(img, newSrc) {\n      const fadeImg = document.createElement('img');\n      fadeImg.src = newSrc;\n      fadeImg.className = 'fade-img';\n      img.parentNode.appendChild(fadeImg);\n\n      fadeImg.onload = () => {\n        requestAnimationFrame(() => {\n          fadeImg.style.opacity = 1;\n        });\n      };\n\n      fadeImg.addEventListener('transitionend', () => {\n        img.src = newSrc;\n        fadeImg.remove();\n      });\n    }\n\n    function activateSlide(index) {\n      const slides = document.querySelectorAll('.slide');\n      slides.forEach((slide, i) => {\n        const img = slide.querySelector('img');\n        if (i === index) {\n          slide.classList.add('active');\n          changeImageSmooth(img, effectImages[i]);\n        } else {\n          slide.classList.remove('active');\n          changeImageSmooth(img, defaultImages[i]);\n        }\n        slide.classList.remove('expanded');\n      });\n    }\n\n    document.querySelectorAll('.slide').forEach((slide, index) => {\n      slide.addEventListener('click', () => {\n        const isMobile = window.innerWidth <= 768;\n        const img = slide.querySelector('img');\n\n        if (isMobile) {\n          if (slide.classList.contains('expanded')) {\n            slide.classList.remove('expanded');\n            changeImageSmooth(img, defaultImages[index]);\n          } else {\n            document.querySelectorAll('.slide').forEach((s, i) => {\n              s.classList.remove('expanded');\n              changeImageSmooth(s.querySelector('img'), defaultImages[i]);\n            });\n            slide.classList.add('expanded');\n            changeImageSmooth(img, effectImages[index]);\n          }\n        } else {\n          activateSlide(index);\n        }\n      });\n    });\n\n    window.addEventListener('load', () => {\n      const isMobile = window.innerWidth <= 768;\n      document.querySelectorAll('.slide').forEach((slide, i) => {\n        const img = slide.querySelector('img');\n        slide.classList.remove('active', 'expanded');\n        img.src = defaultImages[i];\n\n        if (isMobile && i === 0) {\n          slide.classList.add('active', 'expanded');\n          img.src = effectImages[i];\n        }\n      });\n    });\n  <\/script>\n<\/body>\n<\/html>\n<\/div><\/div><\/div><\/div><div class=\"fusion-fullwidth fullwidth-box fusion-builder-row-3 fusion-flex-container has-pattern-background has-mask-background nonhundred-percent-fullwidth non-hundred-percent-height-scrolling\" style=\"--awb-border-radius-top-left:0px;--awb-border-radius-top-right:0px;--awb-border-radius-bottom-right:0px;--awb-border-radius-bottom-left:0px;--awb-flex-wrap:wrap;\" ><div class=\"fusion-builder-row fusion-row fusion-flex-align-items-flex-start fusion-flex-content-wrap\" style=\"max-width:1216.8px;margin-left: calc(-4% \/ 2 );margin-right: calc(-4% \/ 2 );\"><div class=\"fusion-layout-column fusion_builder_column fusion-builder-column-2 fusion_builder_column_1_1 1_1 fusion-flex-column\" style=\"--awb-padding-top:30px;--awb-padding-bottom:30px;--awb-bg-size:cover;--awb-width-large:100%;--awb-margin-top-large:0px;--awb-spacing-right-large:1.92%;--awb-margin-bottom-large:20px;--awb-spacing-left-large:1.92%;--awb-width-medium:100%;--awb-order-medium:0;--awb-spacing-right-medium:1.92%;--awb-spacing-left-medium:1.92%;--awb-width-small:100%;--awb-order-small:0;--awb-spacing-right-small:1.92%;--awb-spacing-left-small:1.92%;\"><div class=\"fusion-column-wrapper fusion-column-has-shadow fusion-flex-justify-content-flex-start fusion-content-layout-column\"><div class=\"fusion-text fusion-text-1\" style=\"--awb-font-size:20px;--awb-text-color:#e8e1d2;--awb-text-font-family:&quot;Karoll-Round&quot;;--awb-text-font-style:normal;--awb-text-font-weight:400;\"><p style=\"text-align: center;\">A place to dine without rushing and enjoy the flavors of the signature cuisine that we create here.<\/p>\n<\/div><div class=\"fusion-text fusion-text-2 fusion-text-no-margin mom-res\" style=\"--awb-content-alignment:center;--awb-font-size:20px;--awb-text-color:#e8e1d2;--awb-margin-bottom:15px;--awb-text-font-family:&quot;RoyaleCouture-Sans&quot;;--awb-text-font-style:normal;--awb-text-font-weight:400;\"><p style=\"text-align: center; color: #e8e1d2; font-family: RoyaleCouture-Sans;\">COME AND DISCOVER MOMBASA<\/p>\n<\/div><div style=\"text-align:center;\"><a class=\"fusion-button button-flat fusion-button-default-size button-custom fusion-button-default button-1 fusion-button-default-span fusion-button-default-type boton-menu\" style=\"--button_accent_color:#211f1d;--button_border_color:#c59f64;--button_accent_hover_color:#211f1d;--button_border_hover_color:rgba(232,225,210,0);--button_border_width-top:0;--button_border_width-right:0;--button_border_width-bottom:0;--button_border_width-left:0;--button_gradient_top_color:#c59f64;--button_gradient_bottom_color:#c59f64;--button_gradient_top_color_hover:#c59f64;--button_gradient_bottom_color_hover:#c59f64;--button_font_size:20px;--button_typography-font-family:&quot;Karoll-Round&quot;;--button_typography-font-style:normal;--button_typography-font-weight:400;\" target=\"_self\" href=\"https:\/\/mombasa.precompro.com\/?_gl=1%2a1ws67d2%2a_gcl_aw%2aR0NMLjE3NDk3NTM5OTQuQ2p3S0NBaUFxZmU4QmhCd0Vpd0FzbmU2Z1hHZy1TN2RUbW5RMlRIMER1WnE3Y3BSYmhlWVFwN215czE3NkpPLXAxM2kyZEV0SmNjVFd4b0MyZGdRQXZEX0J3RQ..%2a_gcl_ag%2aMi4xLmswQUFBQUFxbm9uc1lqd3RhRmwyc2VveHBzMFJvY25hek5MJGkxNzQ5NzU0MDAw%2a_gcl_au%2aMTkwMTc3NjcxMi4xNzQ1NTk0ODE3\"><span class=\"fusion-button-text awb-button__text awb-button__text--default\">BOOK<\/span><\/a><\/div><\/div><\/div><\/div><\/div><div class=\"fusion-fullwidth fullwidth-box fusion-builder-row-4 fusion-flex-container fusion-parallax-none insp nonhundred-percent-fullwidth non-hundred-percent-height-scrolling fusion-no-small-visibility lazyload fusion-animated\" style=\"--awb-border-radius-top-left:0px;--awb-border-radius-top-right:0px;--awb-border-radius-bottom-right:0px;--awb-border-radius-bottom-left:0px;--awb-padding-top:60px;--awb-padding-right:0px;--awb-padding-bottom:35px;--awb-padding-left:0px;--awb-padding-top-medium:110px;--awb-padding-bottom-medium:110px;--awb-margin-top:0px;--awb-margin-bottom:0px;--awb-margin-bottom-medium:80px;--awb-margin-bottom-small:60px;--awb-background-size:cover;--awb-background-size-small:contain;--awb-flex-wrap:wrap;\" data-bg=\"https:\/\/www.mombasa.co\/wp-content\/uploads\/2026\/04\/B-Mombasa-300x59.webp\" data-fusion-responsive-bg=\"1\" data-bg-small=\"https:\/\/www.mombasa.co\/wp-content\/uploads\/2026\/04\/BANNER-RESENAS-NOSOTROS-WEB-300x113.webp\" data-animationType=\"fadeIn\" data-animationDuration=\"1.3\" data-animationOffset=\"top-into-view\" ><div class=\"awb-background-slider\" data-type=\"container\" data-loop=\"yes\" data-animation=\"fade\" data-slideshow-speed=\"5000\" data-animation-speed=\"800\" data-direction=\"up\" style=\"--awb-image-position:50% 50%;\"><div class=\"swiper-wrapper\"><div class=\"swiper-slide\"><\/div><\/div><\/div><div class=\"fusion-builder-row fusion-row fusion-flex-align-items-flex-start fusion-flex-content-wrap\" style=\"max-width:1216.8px;margin-left: calc(-4% \/ 2 );margin-right: calc(-4% \/ 2 );\"><div class=\"fusion-layout-column fusion_builder_column fusion-builder-column-3 fusion_builder_column_1_1 1_1 fusion-flex-column\" style=\"--awb-bg-size:cover;--awb-width-large:100%;--awb-margin-top-large:-50px;--awb-spacing-right-large:1.92%;--awb-margin-bottom-large:20px;--awb-spacing-left-large:1.92%;--awb-width-medium:100%;--awb-order-medium:0;--awb-spacing-right-medium:1.92%;--awb-spacing-left-medium:1.92%;--awb-width-small:100%;--awb-order-small:0;--awb-spacing-right-small:25px;--awb-spacing-left-small:25px;\"><div class=\"fusion-column-wrapper fusion-column-has-shadow fusion-flex-justify-content-flex-start fusion-content-layout-column\"><div class=\"fusion-text fusion-text-3\" style=\"--awb-font-size:30px;--awb-text-color:#e8e1d2;--awb-margin-top:55px;--awb-text-font-family:&quot;RoyaleCouture-Sans&quot;;--awb-text-font-style:normal;--awb-text-font-weight:400;\"><p style=\"text-align: center;\">TESTIMONIALS<\/p>\n<\/div><div class=\"fusion-text fusion-text-4\" style=\"--awb-font-size:20px;--awb-text-color:#e8e1d2;--awb-text-font-family:&quot;Karoll-Round&quot;;--awb-text-font-style:normal;--awb-text-font-weight:400;\"><p style=\"text-align: center;\">What visitors say about Mombasa Medell\u00edn<\/p>\n<\/div><script defer async src='https:\/\/cdn.trustindex.io\/loader.js?41e214b260e1259ae8768eac574'><\/script> <\/div><\/div><\/div><\/div><div class=\"fusion-fullwidth fullwidth-box fusion-builder-row-5 fusion-flex-container has-pattern-background has-mask-background fusion-parallax-none rese hundred-percent-fullwidth hundred-percent-height hundred-percent-height-center-content non-hundred-percent-height-scrolling fusion-no-medium-visibility fusion-no-large-visibility lazyload\" style=\"--awb-border-radius-top-left:0px;--awb-border-radius-top-right:0px;--awb-border-radius-bottom-right:0px;--awb-border-radius-bottom-left:0px;--awb-padding-right:0px;--awb-padding-bottom:0px;--awb-padding-left:0px;--awb-margin-bottom:0px;--awb-background-size:cover;--awb-flex-wrap:wrap;\" data-bg=\"https:\/\/www.mombasa.co\/wp-content\/uploads\/2025\/07\/BANNER-RESENAS-NOSOTROS-WEB.png\" ><div class=\"fusion-builder-row fusion-row fusion-flex-align-items-flex-start fusion-flex-content-wrap\" style=\"width:104% !important;max-width:104% !important;margin-left: calc(-4% \/ 2 );margin-right: calc(-4% \/ 2 );\"><div class=\"fusion-layout-column fusion_builder_column fusion-builder-column-4 fusion_builder_column_1_1 1_1 fusion-flex-column\" style=\"--awb-bg-size:cover;--awb-width-large:100%;--awb-margin-top-large:0px;--awb-spacing-right-large:1.92%;--awb-margin-bottom-large:20px;--awb-spacing-left-large:1.92%;--awb-width-medium:100%;--awb-order-medium:0;--awb-spacing-right-medium:1.92%;--awb-spacing-left-medium:1.92%;--awb-width-small:100%;--awb-order-small:0;--awb-spacing-right-small:1.92%;--awb-spacing-left-small:1.92%;\"><div class=\"fusion-column-wrapper fusion-column-has-shadow fusion-flex-justify-content-flex-start fusion-content-layout-column\"><\/div><\/div><div class=\"fusion-layout-column fusion_builder_column fusion-builder-column-5 fusion_builder_column_1_1 1_1 fusion-flex-column\" style=\"--awb-bg-size:cover;--awb-width-large:100%;--awb-margin-top-large:0px;--awb-spacing-right-large:1.92%;--awb-margin-bottom-large:20px;--awb-spacing-left-large:1.92%;--awb-width-medium:100%;--awb-order-medium:0;--awb-spacing-right-medium:1.92%;--awb-spacing-left-medium:1.92%;--awb-width-small:100%;--awb-order-small:0;--awb-spacing-right-small:25px;--awb-spacing-left-small:25px;\"><div class=\"fusion-column-wrapper fusion-column-has-shadow fusion-flex-justify-content-flex-start fusion-content-layout-column\"><div class=\"fusion-text fusion-text-5\" style=\"--awb-font-size:30px;--awb-text-color:#e8e1d2;--awb-margin-top:60px;--awb-text-font-family:&quot;RoyaleCouture-Sans&quot;;--awb-text-font-style:normal;--awb-text-font-weight:400;\"><p style=\"text-align: center;\">TESTIMONIALS<\/p>\n<\/div><div class=\"fusion-text fusion-text-6\" style=\"--awb-font-size:20px;--awb-text-color:#e8e1d2;--awb-text-font-family:&quot;Karoll-Round&quot;;--awb-text-font-style:normal;--awb-text-font-weight:400;\"><p style=\"text-align: center;\">What people who visit Mombasa Medellin are saying.<\/p>\n<\/div><script defer async src='https:\/\/cdn.trustindex.io\/loader.js?41e214b260e1259ae8768eac574'><\/script> <\/div><\/div><\/div><\/div><\/p>\n","protected":false},"excerpt":{"rendered":"","protected":false},"author":2,"featured_media":0,"parent":0,"menu_order":0,"comment_status":"closed","ping_status":"closed","template":"100-width.php","meta":{"footnotes":""},"class_list":["post-5929","page","type-page","status-publish","hentry"],"aioseo_notices":[],"featured_image_src":null,"featured_image_src_square":null,"_links":{"self":[{"href":"https:\/\/www.mombasa.co\/en\/wp-json\/wp\/v2\/pages\/5929","targetHints":{"allow":["GET"]}}],"collection":[{"href":"https:\/\/www.mombasa.co\/en\/wp-json\/wp\/v2\/pages"}],"about":[{"href":"https:\/\/www.mombasa.co\/en\/wp-json\/wp\/v2\/types\/page"}],"author":[{"embeddable":true,"href":"https:\/\/www.mombasa.co\/en\/wp-json\/wp\/v2\/users\/2"}],"replies":[{"embeddable":true,"href":"https:\/\/www.mombasa.co\/en\/wp-json\/wp\/v2\/comments?post=5929"}],"version-history":[{"count":0,"href":"https:\/\/www.mombasa.co\/en\/wp-json\/wp\/v2\/pages\/5929\/revisions"}],"wp:attachment":[{"href":"https:\/\/www.mombasa.co\/en\/wp-json\/wp\/v2\/media?parent=5929"}],"curies":[{"name":"wp","href":"https:\/\/api.w.org\/{rel}","templated":true}]}}